{"id":3,"date":"2021-09-02T21:26:04","date_gmt":"2021-09-02T19:26:04","guid":{"rendered":"http:\/\/drone-tt.fr\/?page_id=3"},"modified":"2021-09-30T09:23:06","modified_gmt":"2021-09-30T07:23:06","slug":"politique-de-confidentialite","status":"publish","type":"page","link":"https:\/\/drone-tt.fr\/index.php\/politique-de-confidentialite\/","title":{"rendered":"Mentions l\u00e9gales"},"content":{"rendered":"\t\t<div data-elementor-type=\"wp-page\" data-elementor-id=\"3\" class=\"elementor elementor-3\">\n\t\t\t\t\t\t<section class=\"elementor-section elementor-top-section elementor-element elementor-element-14c2be60 elementor-section-boxed elementor-section-height-default elementor-section-height-default\" data-id=\"14c2be60\" data-element_type=\"section\">\n\t\t\t\t\t\t<div class=\"elementor-container elementor-column-gap-default\">\n\t\t\t\t\t<div class=\"elementor-column elementor-col-100 elementor-top-column elementor-element elementor-element-635c06a3\" data-id=\"635c06a3\" data-element_type=\"column\">\n\t\t\t<div class=\"elementor-widget-wrap elementor-element-populated\">\n\t\t\t\t\t\t<div class=\"elementor-element elementor-element-6e6d2ae7 elementor-widget elementor-widget-text-editor\" data-id=\"6e6d2ae7\" data-element_type=\"widget\" data-widget_type=\"text-editor.default\">\n\t\t\t\t<div class=\"elementor-widget-container\">\n\t\t\t\t\t\t\t\t\t<p><\/p>\n<div>\n<div>\n<div>\n<div>\n<div>\n<div>\n<div>\n<div>\n<div>\n<div>\n<h3 class=\"wp-block-heading\"><strong>SOCI\u00c9T\u00c9&nbsp;<\/strong><\/h3>\n<\/div>\n<\/div>\n<\/div>\n<\/div>\n<\/div>\n<\/div>\n<div>\n<div>\n<div>\n<div>\n<div>\n<div>\n<p>Raison sociale : Drone-TT<br>Forme juridique : Micro entreprise<br>Adresse de l\u2019\u00e9tablissement ou du si\u00e8ge social : 36 rue des Brosses 21410 AGEY<br>Adresse de courrier \u00e9lectronique: mtroly@drone-tt.fr<br>Num\u00e9ro de t\u00e9l\u00e9phone : 06 19 31 98 14<br>SIRET :&nbsp;<span style=\"font-size: 10pt; font-family: Calibri;\">898 729 330 00016&nbsp;<\/span><br>Num\u00e9ro d\u2019inscription au registre du commerce et des<br>soci\u00e9t\u00e9s (RCS) : Dijon code APE 5911B<\/p>\n<\/div>\n<\/div>\n<div>&nbsp;<\/div>\n<\/div>\n<\/div>\n<\/div>\n<\/div>\n<div>\n<div>\n<h3><strong>SITE INTERNET&nbsp;<\/strong><\/h3>\n<\/div>\n<\/div>\n<div>\n<div>\n<p>Noms des responsables de la publication : Monsieur Michael TROLY<br>H\u00e9bergement du site : OVH<br>D\u00e9veloppement du site : Drone-TT<\/p>\n<\/div>\n<\/div>\n<\/div>\n<\/div>\n<\/div>\n<\/div>\n<div>\n<div>\n<div>\n<div>\n<div>\n<div>\n<div>\n<div>\n<div>\n<div>\n<h3><strong>CR\u00c9DITS PHOTOGRAPHIES<\/strong><\/h3>\n<\/div>\n<\/div>\n<\/div>\n<\/div>\n<\/div>\n<\/div>\n<div>\n<div>\n<div>\n<div>\n<div>\n<div>\n<p>@Drone-TT<\/p>\n<\/div>\n<\/div>\n<\/div>\n<\/div>\n<\/div>\n<\/div>\n<\/div>\n<\/div>\n<\/div>\n<div>\n<div>\n<div>\n<div>\n<div>\n<div>\n<div>\n<div>\n<div>\n<h3><strong>COOKIES&nbsp;<\/strong><\/h3>\n<\/div>\n<\/div>\n<\/div>\n<\/div>\n<\/div>\n<\/div>\n<div>\n<div>\n<div>\n<div>&nbsp;<\/div>\n<\/div>\n<\/div>\n<div>\n<div>\n<div>\n<div>\n<div>\n<h3><strong>1. Informations sur les cookies<\/strong><\/h3>\n<p>Pour des besoins de statistiques et d\u2019affichage, le pr\u00e9sent site utilise des cookies. Il s\u2019agit de petits fichiers textes stock\u00e9s sur votre disque dur afin d\u2019enregistrer des donn\u00e9es techniques sur votre navigation. Certaines parties de ce site ne peuvent \u00eatre fonctionnelle sans l\u2019acceptation de cookies.<\/p>\n<\/div>\n<\/div>\n<\/div>\n<\/div>\n<\/div>\n<\/div>\n<div>\n<div>\n<div>\n<div>&nbsp;<\/div>\n<\/div>\n<\/div>\n<div>\n<div>\n<div>\n<div>\n<div>\n<h3><strong>2. Finalit\u00e9 des cookies utilis\u00e9s<\/strong><\/h3>\n<p>Nous utilisons des cookies de la part de Google Analytics. Les donn\u00e9es et statistiques que nous collectons au moyen de ces cookies sont utilis\u00e9es dans le seul et unique but d\u2019am\u00e9liorer la qualit\u00e9 de nos services. Google Analytics est utilis\u00e9 de fa\u00e7on anonyme afin d\u2019am\u00e9liorer l\u2019exp\u00e9rience utilisateur sur notre site web et vous offrir une navigation intuitive. Ces donn\u00e9es ne sont pas communiqu\u00e9es \u00e0 quelque tiers que<br>ce soit.<\/p>\n<\/div>\n<\/div>\n<\/div>\n<\/div>\n<\/div>\n<\/div>\n<div>\n<div>\n<div>\n<div>&nbsp;<\/div>\n<\/div>\n<\/div>\n<div>\n<div>\n<div>\n<div>\n<div>\n<h3><strong>3. Vos choix concernant les cookies<\/strong><\/h3>\n<p>Vous pouvez faire le choix \u00e0 tout moment d\u2019exprimer et de modifier vos souhaits en mati\u00e8re de cookies, par les moyens d\u00e9crits ci-dessous. Vous pouvez configurer votre logiciel de navigation de mani\u00e8re \u00e0 ce que des cookies soient enregistr\u00e9s dans votre terminal ou, au contraire, qu\u2019ils soient rejet\u00e9s, soit syst\u00e9matiquement, soit selon leur \u00e9metteur. Vous pouvez \u00e9galement configurer votre logiciel de navigation de mani\u00e8re \u00e0 ce que l\u2019acceptation ou le refus des cookies vous soient propos\u00e9s ponctuellement, avant qu\u2019un cookie soit susceptible d\u2019\u00eatre enregistr\u00e9 dans votre terminal. Pour plus d\u2019informations, consultez la rubrique \u201cComment exercer vos choix, selon le navigateur que vous utilisez ?\u201d<\/p>\n<\/div>\n<\/div>\n<\/div>\n<\/div>\n<\/div>\n<\/div>\n<div>\n<div>\n<div>\n<div>&nbsp;<\/div>\n<\/div>\n<\/div>\n<div>\n<div>\n<div>\n<div>\n<div>\n<h3><strong>3.1. Acceptation des cookies<\/strong><\/h3>\n<p>L\u2019enregistrement d\u2019un cookie dans un terminal est subordonn\u00e9 \u00e0 la volont\u00e9 de son utilisateur, exprim\u00e9e et modifi\u00e9e \u00e0 tout moment gratuitement \u00e0 travers les choix propos\u00e9s par son logiciel de navigation. Si vous avez accept\u00e9 dans votre logiciel de navigation l\u2019enregistrement de cookies dans votre terminal, les cookies int\u00e9gr\u00e9s dans les pages et contenus que vous avez consult\u00e9s pourront \u00eatre stock\u00e9s temporairement dans un espace d\u00e9di\u00e9 de votre terminal. Ils y seront visibles uniquement par leur \u00e9metteur.<\/p>\n<\/div>\n<\/div>\n<\/div>\n<\/div>\n<\/div>\n<\/div>\n<div>\n<div>\n<div>\n<div>&nbsp;<\/div>\n<\/div>\n<\/div>\n<div>\n<div>\n<div>\n<div>\n<div>\n<h3>3.2. Refus des cookies<\/h3>\n<p>Si vous refusez l\u2019enregistrement de cookies dans votre terminal, ou si vous supprimez ceux qui y sont enregistr\u00e9s, vous pourrez \u00e9ventuellement ne plus b\u00e9n\u00e9ficier d\u2019un certain nombre de fonctionnalit\u00e9s. Tel serait \u00e9galement le cas lorsque nous-ou nos prestataires-ne pourrions pas reconna\u00eetre, \u00e0 des fins de compatibilit\u00e9 technique, le type de navigateur utilis\u00e9 par votre terminal, ses param\u00e8tres de langue et d\u2019affichage ou le pays depuis lequel votre terminal semble connect\u00e9 \u00e0 Internet. Le cas \u00e9ch\u00e9ant, nous d\u00e9clinons toute responsabilit\u00e9 pour les cons\u00e9quences li\u00e9es au fonctionnement d\u00e9grad\u00e9 de nos services r\u00e9sultant de l\u2019impossibilit\u00e9 d\u2019enregistrer ou de consulter les cookies n\u00e9cessaires \u00e0 leur fonctionnement et que vous auriez refus\u00e9s ou supprim\u00e9s.<\/p>\n<\/div>\n<\/div>\n<\/div>\n<\/div>\n<\/div>\n<\/div>\n<div>\n<div>\n<div>\n<div>&nbsp;<\/div>\n<\/div>\n<\/div>\n<div>\n<div>\n<div>\n<div>\n<div>\n<h3><strong>3.3. Comment exercer vos choix selon le navigateur que<br>vous utilisez ?<\/strong><\/h3>\n<\/div>\n<\/div>\n<\/div>\n<\/div>\n<\/div>\n<\/div>\n<div>\n<div>\n<div>\n<div>&nbsp;<\/div>\n<\/div>\n<\/div>\n<div>\n<div>\n<div>\n<div>\n<div>\n<p>Pour la gestion des cookies et de vos choix, la configuration de chaque navigateur est diff\u00e9rente. Elle est d\u00e9crite dans le menu d\u2019aide de votre navigateur, qui<br>vous permettra de savoir de quelle mani\u00e8re modifier vos souhaits en mati\u00e8re de cookies. Nous vous invitons \u00e0 cliquer sur le nom de votre navigateur pour acc\u00e9der au menu d\u2019aide correspondant :<\/p>\n<ul>\n<li>Pour&nbsp;<a href=\"https:\/\/support.microsoft.com\/fr-fr\/help\/17442\/windows-internet-explorer-delete-manage-cookies\">Internet Explorer<\/a><\/li>\n<li>Pour&nbsp;<a href=\"https:\/\/support.apple.com\/fr-fr\/HT201265\">Safari<\/a><\/li>\n<li>Pour&nbsp;<a href=\"https:\/\/support.google.com\/chrome\/answer\/95647?hl=fr&amp;hlrm=en\">Chrome<\/a><\/li>\n<li>Pour&nbsp;<a href=\"https:\/\/support.mozilla.org\/fr\/kb\/activer-desactiver-cookies-preferences\">Firefox<\/a><\/li>\n<li>Pour&nbsp;<a href=\"http:\/\/help.opera.com\/Windows\/10.20\/fr\/cookies.html\">Opera<\/a><\/li>\n<\/ul>\n<\/div>\n<\/div>\n<\/div>\n<\/div>\n<\/div>\n<div>\n<div>\n<div>\n<div>\n<div>\n<p>Vous pouvez \u00e9galement param\u00e9trer votre navigateur afin que celui-ci envoie un code indiquant aux sites Web que vous ne souhaitez pas \u00eatre suivis. (option \u00ab Do No Track \u00bb).Nous vous invitons \u00e0 cliquer sur le nom de votre navigateur pour acc\u00e9der au menu d\u2019aide correspondant&nbsp; :<\/p>\n<ul>\n<li>Pour&nbsp;<a href=\"https:\/\/support.microsoft.com\/fr-fr\/help\/17288\/windows-internet-explorer-11-use-do-not-track\">Internet Explorer<\/a><\/li>\n<li>Pour&nbsp;<a href=\"https:\/\/support.apple.com\/kb\/PH21416?locale=fr_FR\">Safari<\/a><\/li>\n<li>Pour&nbsp;<a href=\"https:\/\/support.google.com\/chrome\/answer\/114836?\">Chrome<\/a><\/li>\n<li>Pour&nbsp;<a href=\"https:\/\/support.mozilla.org\/fr\/kb\/comment-activer-option-ne-pas-pister\">Firefox<\/a><\/li>\n<li>Pour&nbsp;<a href=\"http:\/\/help.opera.com\/Windows\/12.10\/en\/notrack.html\">Opera<\/a><\/li>\n<\/ul>\n<\/div>\n<\/div>\n<\/div>\n<\/div>\n<\/div>\n<\/div>\n<\/div>\n<\/div>\n<\/div>\n<\/div>\n<div>&nbsp;<\/div>\n<div>&nbsp;<\/div>\n<div data-vc-full-width=\"true\" data-vc-full-width-init=\"true\">\n<div>\n<div>\n<div>\n<div>\n<div>\n<div>\n<div>\n<div>\n<div>\n<p><img decoding=\"async\" src=\"https:\/\/www.parc-evasion.com\/wp-content\/uploads\/2021\/06\/parc-evasion-small-feuille-verte.svg\" width=\"30\" data-src=\"\/wp-content\/uploads\/2021\/06\/parc-evasion-small-feuille-verte.svg\" data-was-processed=\"true\"><\/p>\n<h3><strong>DONN\u00c9ES PERSONNELLES ET POLITIQUE DE CONFIDENTIALIT\u00c9<\/strong><\/h3>\n<\/div>\n<\/div>\n<\/div>\n<\/div>\n<\/div>\n<\/div>\n<div>\n<div>\n<div>\n<div>&nbsp;<\/div>\n<\/div>\n<\/div>\n<div>\n<div>\n<div>\n<div>\n<div>\n<h3><strong>1. Conservation et utilisation de vos donn\u00e9es personnelles<\/strong><\/h3>\n<p>Les informations recueillies via le formulaire de ce site web sont enregistr\u00e9es dans un fichier informatis\u00e9 par Drone-TT pour Drone-TT pour communiquer les informations li\u00e9es \u00e0 la marque et aux services Drone-TT. Elles sont conserv\u00e9es pendant 1 an et sont uniquement destin\u00e9es \u00e0 l\u2019utilisation commerciale de l\u2019entreprise Drone-TT. Elles ne seront pas communiqu\u00e9es \u00e0 un tiers. Conform\u00e9ment \u00e0 la loi \u201cinformatique et libert\u00e9s\u201d, vous pouvez exercer votre droit d\u2019acc\u00e8s aux donn\u00e9es vous concernant et les faire rectifier en contactant mtroly@drone-tt.fr<\/p>\n<\/div>\n<\/div>\n<\/div>\n<\/div>\n<\/div>\n<\/div>\n<div>\n<div>\n<div>\n<div>&nbsp;<\/div>\n<\/div>\n<\/div>\n<div>\n<div>\n<div>\n<div>\n<div>\n<h3><strong>2. Consentement et traitement de vos donn\u00e9es personnelles<\/strong><\/h3>\n<p>En cochant la case de consentement obligatoire avant soumission de chaque formulaire du site web www.drone-tt.fr(\u00ab J\u2019autorise Drone-TT \u00e0 me contacter de fa\u00e7on personnalis\u00e9e \u00e0 propos de ses services pour d\u00e9velopper mon business. \u00bb), vous autorisez explicitement le stockage et le traitement de vos donn\u00e9es dans le but de vous faire conna\u00eetre nos services. Vous autorisez :<\/p>\n<ul>\n<li>Un conseiller Drone-TT \u00e0 vous contacter pour toute relation commerciale<\/li>\n<li>Le service marketing \u00e0 vous communiquer des informations personnalis\u00e9es sur nos services<\/li>\n<\/ul>\n<p>Astuce : vous ne souhaitez pas donner votre consentement ?<br>Appelez-nous directement au num\u00e9ro de tel. Nous r\u00e9pondrons ainsi \u00e0 vos questions par t\u00e9l\u00e9phone.<\/p>\n<\/div>\n<\/div>\n<\/div>\n<\/div>\n<\/div>\n<\/div>\n<div>\n<div>\n<div>\n<div>&nbsp;<\/div>\n<\/div>\n<\/div>\n<div>\n<div>\n<div>\n<div>\n<div>\n<h3><strong>3. Retrait du consentement concernant vos donn\u00e9es personnelles<\/strong><\/h3>\n<p>Vous disposez d\u2019un droit d\u2019acc\u00e8s, de modification et\/ou de suppression des donn\u00e9es vous concernant \u00e0 tout moment en contactant notre service informatique : Par courriel : mtroly@drone-tt.fr<br>Par voie postale : Michael TROLY 36 rue des Brosses 21410 AGEY accompagn\u00e9 d\u2019une copie d\u2019une pi\u00e8ce d\u2019identit\u00e9.<br>Id\u00e9alement, en recommand\u00e9 avec accus\u00e9 de r\u00e9ception.<br>Le responsable du fichier dispose d\u2019un d\u00e9lai de r\u00e9ponse maximal de 2 mois \u00e0 compter de la demande, qu\u2019elle ait \u00e9t\u00e9 exerc\u00e9e par voie postale ou par mail. La CNIL pr\u00e9cise : \u00abSi la demande est incompl\u00e8te (absence de la pi\u00e8ce d\u2019identit\u00e9 par exemple), le responsable du fichier est endroit de demander des compl\u00e9ments : le d\u00e9lai est alors suspendu et court \u00e0 nouveau une fois ces \u00e9l\u00e9ments fournis\u00bb.<br>Les limites au droit d\u2019acc\u00e8s sont pr\u00e9cis\u00e9es sur le site de la CNIL et consultables&nbsp;<a href=\"https:\/\/www.cnil.fr\/fr\/respecter-les-droits-des-personnes\">en cliquant ici<\/a><\/p>\n<\/div>\n<\/div>\n<div>&nbsp;<\/div>\n<div>\n<div>\n<p>Site r\u00e9alis\u00e9 par Drone-TT<\/p>\n<\/div>\n<\/div>\n<\/div>\n<\/div>\n<\/div>\n<\/div>\n<\/div>\n<\/div>\n<\/div>\n<\/div>\n<p><\/p>\t\t\t\t\t\t\t\t<\/div>\n\t\t\t\t<\/div>\n\t\t\t\t\t<\/div>\n\t\t<\/div>\n\t\t\t\t\t<\/div>\n\t\t<\/section>\n\t\t\t\t<\/div>\n\t\t","protected":false},"excerpt":{"rendered":"<p>SOCI\u00c9T\u00c9&nbsp; Raison sociale : Drone-TTForme juridique : Micro entrepriseAdresse de l\u2019\u00e9tablissement ou du si\u00e8ge social : 36 rue des Brosses 21410 AGEYAdresse de courrier \u00e9lectronique: mtroly@drone-tt.frNum\u00e9ro de t\u00e9l\u00e9phone : 06 19 31 98 14SIRET :&nbsp;898 729 330 00016&nbsp;Num\u00e9ro d\u2019inscription au registre du commerce et dessoci\u00e9t\u00e9s (RCS) : Dijon code APE 5911B &nbsp; SITE INTERNET&nbsp; Noms &hellip; <\/p>\n<p class=\"link-more\"><a href=\"https:\/\/drone-tt.fr\/index.php\/politique-de-confidentialite\/\" class=\"more-link\">Lire la suite de<span class=\"screen-reader-text\">\u00ab\u00a0Mentions l\u00e9gales\u00a0\u00bb<\/span><\/a><\/p>\n","protected":false},"author":1,"featured_media":0,"parent":0,"menu_order":0,"comment_status":"closed","ping_status":"closed","template":"","meta":{"inspiro_hide_title":false,"footnotes":""},"yoast_head":"<!-- This site is optimized with the Yoast SEO plugin v24.5 - https:\/\/yoast.com\/wordpress\/plugins\/seo\/ -->\n<title>Mentions l\u00e9gales - Drone-TT R\u00e9alisation et production vid\u00e9os<\/title>\n<meta name=\"robots\" content=\"index, follow, max-snippet:-1, max-image-preview:large, max-video-preview:-1\" \/>\n<link rel=\"canonical\" href=\"https:\/\/drone-tt.fr\/index.php\/politique-de-confidentialite\/\" \/>\n<meta property=\"og:locale\" content=\"fr_FR\" \/>\n<meta property=\"og:type\" content=\"article\" \/>\n<meta property=\"og:title\" content=\"Mentions l\u00e9gales - Drone-TT R\u00e9alisation et production vid\u00e9os\" \/>\n<meta property=\"og:description\" content=\"SOCI\u00c9T\u00c9&nbsp; Raison sociale : Drone-TTForme juridique : Micro entrepriseAdresse de l\u2019\u00e9tablissement ou du si\u00e8ge social : 36 rue des Brosses 21410 AGEYAdresse de courrier \u00e9lectronique: mtroly@drone-tt.frNum\u00e9ro de t\u00e9l\u00e9phone : 06 19 31 98 14SIRET :&nbsp;898 729 330 00016&nbsp;Num\u00e9ro d\u2019inscription au registre du commerce et dessoci\u00e9t\u00e9s (RCS) : Dijon code APE 5911B &nbsp; SITE INTERNET&nbsp; Noms &hellip; Lire la suite de\u00ab\u00a0Mentions l\u00e9gales\u00a0\u00bb\" \/>\n<meta property=\"og:url\" content=\"https:\/\/drone-tt.fr\/index.php\/politique-de-confidentialite\/\" \/>\n<meta property=\"og:site_name\" content=\"Drone-TT R\u00e9alisation et production vid\u00e9os\" \/>\n<meta property=\"article:publisher\" content=\"https:\/\/www.facebook.com\/Drone-TT-162997612519287\/\" \/>\n<meta property=\"article:modified_time\" content=\"2021-09-30T07:23:06+00:00\" \/>\n<meta property=\"og:image\" content=\"https:\/\/www.parc-evasion.com\/wp-content\/uploads\/2021\/06\/parc-evasion-small-feuille-verte.svg\" \/>\n<meta name=\"twitter:card\" content=\"summary_large_image\" \/>\n<meta name=\"twitter:label1\" content=\"Dur\u00e9e de lecture estim\u00e9e\" \/>\n\t<meta name=\"twitter:data1\" content=\"6 minutes\" \/>\n<script type=\"application\/ld+json\" class=\"yoast-schema-graph\">{\"@context\":\"https:\/\/schema.org\",\"@graph\":[{\"@type\":\"WebPage\",\"@id\":\"https:\/\/drone-tt.fr\/index.php\/politique-de-confidentialite\/\",\"url\":\"https:\/\/drone-tt.fr\/index.php\/politique-de-confidentialite\/\",\"name\":\"Mentions l\u00e9gales - Drone-TT R\u00e9alisation et production vid\u00e9os\",\"isPartOf\":{\"@id\":\"https:\/\/drone-tt.fr\/#website\"},\"primaryImageOfPage\":{\"@id\":\"https:\/\/drone-tt.fr\/index.php\/politique-de-confidentialite\/#primaryimage\"},\"image\":{\"@id\":\"https:\/\/drone-tt.fr\/index.php\/politique-de-confidentialite\/#primaryimage\"},\"thumbnailUrl\":\"https:\/\/www.parc-evasion.com\/wp-content\/uploads\/2021\/06\/parc-evasion-small-feuille-verte.svg\",\"datePublished\":\"2021-09-02T19:26:04+00:00\",\"dateModified\":\"2021-09-30T07:23:06+00:00\",\"breadcrumb\":{\"@id\":\"https:\/\/drone-tt.fr\/index.php\/politique-de-confidentialite\/#breadcrumb\"},\"inLanguage\":\"fr-FR\",\"potentialAction\":[{\"@type\":\"ReadAction\",\"target\":[\"https:\/\/drone-tt.fr\/index.php\/politique-de-confidentialite\/\"]}]},{\"@type\":\"ImageObject\",\"inLanguage\":\"fr-FR\",\"@id\":\"https:\/\/drone-tt.fr\/index.php\/politique-de-confidentialite\/#primaryimage\",\"url\":\"https:\/\/www.parc-evasion.com\/wp-content\/uploads\/2021\/06\/parc-evasion-small-feuille-verte.svg\",\"contentUrl\":\"https:\/\/www.parc-evasion.com\/wp-content\/uploads\/2021\/06\/parc-evasion-small-feuille-verte.svg\"},{\"@type\":\"BreadcrumbList\",\"@id\":\"https:\/\/drone-tt.fr\/index.php\/politique-de-confidentialite\/#breadcrumb\",\"itemListElement\":[{\"@type\":\"ListItem\",\"position\":1,\"name\":\"Accueil\",\"item\":\"https:\/\/drone-tt.fr\/\"},{\"@type\":\"ListItem\",\"position\":2,\"name\":\"Mentions l\u00e9gales\"}]},{\"@type\":\"WebSite\",\"@id\":\"https:\/\/drone-tt.fr\/#website\",\"url\":\"https:\/\/drone-tt.fr\/\",\"name\":\"Drone-TT R\u00e9alisation et production vid\u00e9os\",\"description\":\"\",\"publisher\":{\"@id\":\"https:\/\/drone-tt.fr\/#organization\"},\"potentialAction\":[{\"@type\":\"SearchAction\",\"target\":{\"@type\":\"EntryPoint\",\"urlTemplate\":\"https:\/\/drone-tt.fr\/?s={search_term_string}\"},\"query-input\":{\"@type\":\"PropertyValueSpecification\",\"valueRequired\":true,\"valueName\":\"search_term_string\"}}],\"inLanguage\":\"fr-FR\"},{\"@type\":\"Organization\",\"@id\":\"https:\/\/drone-tt.fr\/#organization\",\"name\":\"Drone-TT\",\"url\":\"https:\/\/drone-tt.fr\/\",\"logo\":{\"@type\":\"ImageObject\",\"inLanguage\":\"fr-FR\",\"@id\":\"https:\/\/drone-tt.fr\/#\/schema\/logo\/image\/\",\"url\":\"https:\/\/drone-tt.fr\/wp-content\/uploads\/2021\/10\/cropped-Logo-7.png\",\"contentUrl\":\"https:\/\/drone-tt.fr\/wp-content\/uploads\/2021\/10\/cropped-Logo-7.png\",\"width\":4000,\"height\":2703,\"caption\":\"Drone-TT\"},\"image\":{\"@id\":\"https:\/\/drone-tt.fr\/#\/schema\/logo\/image\/\"},\"sameAs\":[\"https:\/\/www.facebook.com\/Drone-TT-162997612519287\/\",\"https:\/\/www.youtube.com\/channel\/UCR0-EX1ru1U0bz1pBuO5-4Q\"]}]}<\/script>\n<!-- \/ Yoast SEO plugin. -->","yoast_head_json":{"title":"Mentions l\u00e9gales - Drone-TT R\u00e9alisation et production vid\u00e9os","robots":{"index":"index","follow":"follow","max-snippet":"max-snippet:-1","max-image-preview":"max-image-preview:large","max-video-preview":"max-video-preview:-1"},"canonical":"https:\/\/drone-tt.fr\/index.php\/politique-de-confidentialite\/","og_locale":"fr_FR","og_type":"article","og_title":"Mentions l\u00e9gales - Drone-TT R\u00e9alisation et production vid\u00e9os","og_description":"SOCI\u00c9T\u00c9&nbsp; Raison sociale : Drone-TTForme juridique : Micro entrepriseAdresse de l\u2019\u00e9tablissement ou du si\u00e8ge social : 36 rue des Brosses 21410 AGEYAdresse de courrier \u00e9lectronique: mtroly@drone-tt.frNum\u00e9ro de t\u00e9l\u00e9phone : 06 19 31 98 14SIRET :&nbsp;898 729 330 00016&nbsp;Num\u00e9ro d\u2019inscription au registre du commerce et dessoci\u00e9t\u00e9s (RCS) : Dijon code APE 5911B &nbsp; SITE INTERNET&nbsp; Noms &hellip; Lire la suite de\u00ab\u00a0Mentions l\u00e9gales\u00a0\u00bb","og_url":"https:\/\/drone-tt.fr\/index.php\/politique-de-confidentialite\/","og_site_name":"Drone-TT R\u00e9alisation et production vid\u00e9os","article_publisher":"https:\/\/www.facebook.com\/Drone-TT-162997612519287\/","article_modified_time":"2021-09-30T07:23:06+00:00","og_image":[{"url":"https:\/\/www.parc-evasion.com\/wp-content\/uploads\/2021\/06\/parc-evasion-small-feuille-verte.svg","type":"","width":"","height":""}],"twitter_card":"summary_large_image","twitter_misc":{"Dur\u00e9e de lecture estim\u00e9e":"6 minutes"},"schema":{"@context":"https:\/\/schema.org","@graph":[{"@type":"WebPage","@id":"https:\/\/drone-tt.fr\/index.php\/politique-de-confidentialite\/","url":"https:\/\/drone-tt.fr\/index.php\/politique-de-confidentialite\/","name":"Mentions l\u00e9gales - Drone-TT R\u00e9alisation et production vid\u00e9os","isPartOf":{"@id":"https:\/\/drone-tt.fr\/#website"},"primaryImageOfPage":{"@id":"https:\/\/drone-tt.fr\/index.php\/politique-de-confidentialite\/#primaryimage"},"image":{"@id":"https:\/\/drone-tt.fr\/index.php\/politique-de-confidentialite\/#primaryimage"},"thumbnailUrl":"https:\/\/www.parc-evasion.com\/wp-content\/uploads\/2021\/06\/parc-evasion-small-feuille-verte.svg","datePublished":"2021-09-02T19:26:04+00:00","dateModified":"2021-09-30T07:23:06+00:00","breadcrumb":{"@id":"https:\/\/drone-tt.fr\/index.php\/politique-de-confidentialite\/#breadcrumb"},"inLanguage":"fr-FR","potentialAction":[{"@type":"ReadAction","target":["https:\/\/drone-tt.fr\/index.php\/politique-de-confidentialite\/"]}]},{"@type":"ImageObject","inLanguage":"fr-FR","@id":"https:\/\/drone-tt.fr\/index.php\/politique-de-confidentialite\/#primaryimage","url":"https:\/\/www.parc-evasion.com\/wp-content\/uploads\/2021\/06\/parc-evasion-small-feuille-verte.svg","contentUrl":"https:\/\/www.parc-evasion.com\/wp-content\/uploads\/2021\/06\/parc-evasion-small-feuille-verte.svg"},{"@type":"BreadcrumbList","@id":"https:\/\/drone-tt.fr\/index.php\/politique-de-confidentialite\/#breadcrumb","itemListElement":[{"@type":"ListItem","position":1,"name":"Accueil","item":"https:\/\/drone-tt.fr\/"},{"@type":"ListItem","position":2,"name":"Mentions l\u00e9gales"}]},{"@type":"WebSite","@id":"https:\/\/drone-tt.fr\/#website","url":"https:\/\/drone-tt.fr\/","name":"Drone-TT R\u00e9alisation et production vid\u00e9os","description":"","publisher":{"@id":"https:\/\/drone-tt.fr\/#organization"},"potentialAction":[{"@type":"SearchAction","target":{"@type":"EntryPoint","urlTemplate":"https:\/\/drone-tt.fr\/?s={search_term_string}"},"query-input":{"@type":"PropertyValueSpecification","valueRequired":true,"valueName":"search_term_string"}}],"inLanguage":"fr-FR"},{"@type":"Organization","@id":"https:\/\/drone-tt.fr\/#organization","name":"Drone-TT","url":"https:\/\/drone-tt.fr\/","logo":{"@type":"ImageObject","inLanguage":"fr-FR","@id":"https:\/\/drone-tt.fr\/#\/schema\/logo\/image\/","url":"https:\/\/drone-tt.fr\/wp-content\/uploads\/2021\/10\/cropped-Logo-7.png","contentUrl":"https:\/\/drone-tt.fr\/wp-content\/uploads\/2021\/10\/cropped-Logo-7.png","width":4000,"height":2703,"caption":"Drone-TT"},"image":{"@id":"https:\/\/drone-tt.fr\/#\/schema\/logo\/image\/"},"sameAs":["https:\/\/www.facebook.com\/Drone-TT-162997612519287\/","https:\/\/www.youtube.com\/channel\/UCR0-EX1ru1U0bz1pBuO5-4Q"]}]}},"_links":{"self":[{"href":"https:\/\/drone-tt.fr\/index.php\/wp-json\/wp\/v2\/pages\/3"}],"collection":[{"href":"https:\/\/drone-tt.fr\/index.php\/wp-json\/wp\/v2\/pages"}],"about":[{"href":"https:\/\/drone-tt.fr\/index.php\/wp-json\/wp\/v2\/types\/page"}],"author":[{"embeddable":true,"href":"https:\/\/drone-tt.fr\/index.php\/wp-json\/wp\/v2\/users\/1"}],"replies":[{"embeddable":true,"href":"https:\/\/drone-tt.fr\/index.php\/wp-json\/wp\/v2\/comments?post=3"}],"version-history":[{"count":8,"href":"https:\/\/drone-tt.fr\/index.php\/wp-json\/wp\/v2\/pages\/3\/revisions"}],"predecessor-version":[{"id":560,"href":"https:\/\/drone-tt.fr\/index.php\/wp-json\/wp\/v2\/pages\/3\/revisions\/560"}],"wp:attachment":[{"href":"https:\/\/drone-tt.fr\/index.php\/wp-json\/wp\/v2\/media?parent=3"}],"curies":[{"name":"wp","href":"https:\/\/api.w.org\/{rel}","templated":true}]}}