{"id":7,"date":"2021-09-02T21:52:30","date_gmt":"2021-09-02T19:52:30","guid":{"rendered":"http:\/\/drone-tt.fr\/?page_id=7"},"modified":"2021-09-16T14:30:58","modified_gmt":"2021-09-16T12:30:58","slug":"a-propos-de","status":"publish","type":"page","link":"https:\/\/drone-tt.fr\/index.php\/a-propos-de\/","title":{"rendered":"\u00c0 propos de"},"content":{"rendered":"\t\t<div data-elementor-type=\"wp-page\" data-elementor-id=\"7\" class=\"elementor elementor-7\">\n\t\t\t\t\t\t<section class=\"elementor-section elementor-top-section elementor-element elementor-element-f8a68ab elementor-section-full_width elementor-section-stretched elementor-section-height-default elementor-section-height-default\" data-id=\"f8a68ab\" data-element_type=\"section\" data-settings=\"{&quot;stretch_section&quot;:&quot;section-stretched&quot;,&quot;background_background&quot;:&quot;classic&quot;}\">\n\t\t\t\t\t\t\t<div class=\"elementor-background-overlay\"><\/div>\n\t\t\t\t\t\t\t<div class=\"elementor-container elementor-column-gap-default\">\n\t\t\t\t\t<div class=\"elementor-column elementor-col-50 elementor-top-column elementor-element elementor-element-9b8bbd0\" data-id=\"9b8bbd0\" data-element_type=\"column\">\n\t\t\t<div class=\"elementor-widget-wrap elementor-element-populated\">\n\t\t\t\t\t\t<div class=\"elementor-element elementor-element-8bfea14 animated-slow elementor-invisible elementor-widget elementor-widget-image\" data-id=\"8bfea14\" data-element_type=\"widget\" data-settings=\"{&quot;_animation&quot;:&quot;fadeIn&quot;}\" data-widget_type=\"image.default\">\n\t\t\t\t<div class=\"elementor-widget-container\">\n\t\t\t\t\t\t\t\t\t\t\t\t\t\t\t<img fetchpriority=\"high\" decoding=\"async\" width=\"950\" height=\"634\" src=\"https:\/\/drone-tt.fr\/wp-content\/uploads\/2021\/09\/michael_troly-1024x683.jpg\" class=\"attachment-large size-large wp-image-76\" alt=\"\" srcset=\"https:\/\/drone-tt.fr\/wp-content\/uploads\/2021\/09\/michael_troly-1024x683.jpg 1024w, https:\/\/drone-tt.fr\/wp-content\/uploads\/2021\/09\/michael_troly-300x200.jpg 300w, https:\/\/drone-tt.fr\/wp-content\/uploads\/2021\/09\/michael_troly-768x512.jpg 768w, https:\/\/drone-tt.fr\/wp-content\/uploads\/2021\/09\/michael_troly-1536x1024.jpg 1536w, https:\/\/drone-tt.fr\/wp-content\/uploads\/2021\/09\/michael_troly-2000x1333.jpg 2000w, https:\/\/drone-tt.fr\/wp-content\/uploads\/2021\/09\/michael_troly-1800x1200.jpg 1800w, https:\/\/drone-tt.fr\/wp-content\/uploads\/2021\/09\/michael_troly.jpg 2048w\" sizes=\"100vw\" \/>\t\t\t\t\t\t\t\t\t\t\t\t\t\t\t<\/div>\n\t\t\t\t<\/div>\n\t\t\t\t\t<\/div>\n\t\t<\/div>\n\t\t\t\t<div class=\"elementor-column elementor-col-50 elementor-top-column elementor-element elementor-element-82b8905\" data-id=\"82b8905\" data-element_type=\"column\">\n\t\t\t<div class=\"elementor-widget-wrap elementor-element-populated\">\n\t\t\t\t\t\t<div class=\"elementor-element elementor-element-6e552b8 elementor-widget elementor-widget-text-editor\" data-id=\"6e552b8\" data-element_type=\"widget\" data-widget_type=\"text-editor.default\">\n\t\t\t\t<div class=\"elementor-widget-container\">\n\t\t\t\t\t\t\t\t\t<p>Drone-TT est une soci\u00e9t\u00e9 de production et de r\u00e9alisation vid\u00e9o situ\u00e9e dans la Vall\u00e9e de l&rsquo;Ouche \u00e0 30km de Dijon.\u00a0<br \/>Drone-TT prendra en charge chaque \u00e9tape de votre projet vid\u00e9o : du Story-Board, en passant par des rep\u00e9rages terrains, les tournages, les prises de vues a\u00e9riennes, les voix off, les surimpressions en Motion Design, le montage, l&rsquo;\u00e9talonnage&#8230;<\/p>\t\t\t\t\t\t\t\t<\/div>\n\t\t\t\t<\/div>\n\t\t\t\t\t<\/div>\n\t\t<\/div>\n\t\t\t\t\t<\/div>\n\t\t<\/section>\n\t\t\t\t<\/div>\n\t\t","protected":false},"excerpt":{"rendered":"<p>Drone-TT est une soci\u00e9t\u00e9 de production et de r\u00e9alisation vid\u00e9o situ\u00e9e dans la Vall\u00e9e de l&rsquo;Ouche \u00e0 30km de Dijon.\u00a0Drone-TT prendra en charge chaque \u00e9tape de votre projet vid\u00e9o : du Story-Board, en passant par des rep\u00e9rages terrains, les tournages, les prises de vues a\u00e9riennes, les voix off, les surimpressions en Motion Design, le montage, &hellip; <\/p>\n<p class=\"link-more\"><a href=\"https:\/\/drone-tt.fr\/index.php\/a-propos-de\/\" class=\"more-link\">Lire la suite de<span class=\"screen-reader-text\">\u00ab\u00a0\u00c0 propos de\u00a0\u00bb<\/span><\/a><\/p>\n","protected":false},"author":1,"featured_media":0,"parent":0,"menu_order":0,"comment_status":"closed","ping_status":"closed","template":"","meta":{"inspiro_hide_title":false,"footnotes":""},"yoast_head":"<!-- This site is optimized with the Yoast SEO plugin v24.5 - https:\/\/yoast.com\/wordpress\/plugins\/seo\/ -->\n<title>\u00c0 propos de - Drone-TT R\u00e9alisation et production vid\u00e9os<\/title>\n<meta name=\"robots\" content=\"index, follow, max-snippet:-1, max-image-preview:large, max-video-preview:-1\" \/>\n<link rel=\"canonical\" href=\"https:\/\/drone-tt.fr\/index.php\/a-propos-de\/\" \/>\n<meta property=\"og:locale\" content=\"fr_FR\" \/>\n<meta property=\"og:type\" content=\"article\" \/>\n<meta property=\"og:title\" content=\"\u00c0 propos de - Drone-TT R\u00e9alisation et production vid\u00e9os\" \/>\n<meta property=\"og:description\" content=\"Drone-TT est une soci\u00e9t\u00e9 de production et de r\u00e9alisation vid\u00e9o situ\u00e9e dans la Vall\u00e9e de l&rsquo;Ouche \u00e0 30km de Dijon.\u00a0Drone-TT prendra en charge chaque \u00e9tape de votre projet vid\u00e9o : du Story-Board, en passant par des rep\u00e9rages terrains, les tournages, les prises de vues a\u00e9riennes, les voix off, les surimpressions en Motion Design, le montage, &hellip; Lire la suite de\u00ab\u00a0\u00c0 propos de\u00a0\u00bb\" \/>\n<meta property=\"og:url\" content=\"https:\/\/drone-tt.fr\/index.php\/a-propos-de\/\" \/>\n<meta property=\"og:site_name\" content=\"Drone-TT R\u00e9alisation et production vid\u00e9os\" \/>\n<meta property=\"article:publisher\" content=\"https:\/\/www.facebook.com\/Drone-TT-162997612519287\/\" \/>\n<meta property=\"article:modified_time\" content=\"2021-09-16T12:30:58+00:00\" \/>\n<meta property=\"og:image\" content=\"http:\/\/drone-tt.fr\/wp-content\/uploads\/2021\/09\/michael_troly-1024x683.jpg\" \/>\n<meta name=\"twitter:card\" content=\"summary_large_image\" \/>\n<script type=\"application\/ld+json\" class=\"yoast-schema-graph\">{\"@context\":\"https:\/\/schema.org\",\"@graph\":[{\"@type\":\"WebPage\",\"@id\":\"https:\/\/drone-tt.fr\/index.php\/a-propos-de\/\",\"url\":\"https:\/\/drone-tt.fr\/index.php\/a-propos-de\/\",\"name\":\"\u00c0 propos de - Drone-TT R\u00e9alisation et production vid\u00e9os\",\"isPartOf\":{\"@id\":\"https:\/\/drone-tt.fr\/#website\"},\"primaryImageOfPage\":{\"@id\":\"https:\/\/drone-tt.fr\/index.php\/a-propos-de\/#primaryimage\"},\"image\":{\"@id\":\"https:\/\/drone-tt.fr\/index.php\/a-propos-de\/#primaryimage\"},\"thumbnailUrl\":\"http:\/\/drone-tt.fr\/wp-content\/uploads\/2021\/09\/michael_troly-1024x683.jpg\",\"datePublished\":\"2021-09-02T19:52:30+00:00\",\"dateModified\":\"2021-09-16T12:30:58+00:00\",\"breadcrumb\":{\"@id\":\"https:\/\/drone-tt.fr\/index.php\/a-propos-de\/#breadcrumb\"},\"inLanguage\":\"fr-FR\",\"potentialAction\":[{\"@type\":\"ReadAction\",\"target\":[\"https:\/\/drone-tt.fr\/index.php\/a-propos-de\/\"]}]},{\"@type\":\"ImageObject\",\"inLanguage\":\"fr-FR\",\"@id\":\"https:\/\/drone-tt.fr\/index.php\/a-propos-de\/#primaryimage\",\"url\":\"http:\/\/drone-tt.fr\/wp-content\/uploads\/2021\/09\/michael_troly-1024x683.jpg\",\"contentUrl\":\"http:\/\/drone-tt.fr\/wp-content\/uploads\/2021\/09\/michael_troly-1024x683.jpg\"},{\"@type\":\"BreadcrumbList\",\"@id\":\"https:\/\/drone-tt.fr\/index.php\/a-propos-de\/#breadcrumb\",\"itemListElement\":[{\"@type\":\"ListItem\",\"position\":1,\"name\":\"Accueil\",\"item\":\"https:\/\/drone-tt.fr\/\"},{\"@type\":\"ListItem\",\"position\":2,\"name\":\"\u00c0 propos de\"}]},{\"@type\":\"WebSite\",\"@id\":\"https:\/\/drone-tt.fr\/#website\",\"url\":\"https:\/\/drone-tt.fr\/\",\"name\":\"Drone-TT R\u00e9alisation et production vid\u00e9os\",\"description\":\"\",\"publisher\":{\"@id\":\"https:\/\/drone-tt.fr\/#organization\"},\"potentialAction\":[{\"@type\":\"SearchAction\",\"target\":{\"@type\":\"EntryPoint\",\"urlTemplate\":\"https:\/\/drone-tt.fr\/?s={search_term_string}\"},\"query-input\":{\"@type\":\"PropertyValueSpecification\",\"valueRequired\":true,\"valueName\":\"search_term_string\"}}],\"inLanguage\":\"fr-FR\"},{\"@type\":\"Organization\",\"@id\":\"https:\/\/drone-tt.fr\/#organization\",\"name\":\"Drone-TT\",\"url\":\"https:\/\/drone-tt.fr\/\",\"logo\":{\"@type\":\"ImageObject\",\"inLanguage\":\"fr-FR\",\"@id\":\"https:\/\/drone-tt.fr\/#\/schema\/logo\/image\/\",\"url\":\"https:\/\/drone-tt.fr\/wp-content\/uploads\/2021\/10\/cropped-Logo-7.png\",\"contentUrl\":\"https:\/\/drone-tt.fr\/wp-content\/uploads\/2021\/10\/cropped-Logo-7.png\",\"width\":4000,\"height\":2703,\"caption\":\"Drone-TT\"},\"image\":{\"@id\":\"https:\/\/drone-tt.fr\/#\/schema\/logo\/image\/\"},\"sameAs\":[\"https:\/\/www.facebook.com\/Drone-TT-162997612519287\/\",\"https:\/\/www.youtube.com\/channel\/UCR0-EX1ru1U0bz1pBuO5-4Q\"]}]}<\/script>\n<!-- \/ Yoast SEO plugin. -->","yoast_head_json":{"title":"\u00c0 propos de - Drone-TT R\u00e9alisation et production vid\u00e9os","robots":{"index":"index","follow":"follow","max-snippet":"max-snippet:-1","max-image-preview":"max-image-preview:large","max-video-preview":"max-video-preview:-1"},"canonical":"https:\/\/drone-tt.fr\/index.php\/a-propos-de\/","og_locale":"fr_FR","og_type":"article","og_title":"\u00c0 propos de - Drone-TT R\u00e9alisation et production vid\u00e9os","og_description":"Drone-TT est une soci\u00e9t\u00e9 de production et de r\u00e9alisation vid\u00e9o situ\u00e9e dans la Vall\u00e9e de l&rsquo;Ouche \u00e0 30km de Dijon.\u00a0Drone-TT prendra en charge chaque \u00e9tape de votre projet vid\u00e9o : du Story-Board, en passant par des rep\u00e9rages terrains, les tournages, les prises de vues a\u00e9riennes, les voix off, les surimpressions en Motion Design, le montage, &hellip; Lire la suite de\u00ab\u00a0\u00c0 propos de\u00a0\u00bb","og_url":"https:\/\/drone-tt.fr\/index.php\/a-propos-de\/","og_site_name":"Drone-TT R\u00e9alisation et production vid\u00e9os","article_publisher":"https:\/\/www.facebook.com\/Drone-TT-162997612519287\/","article_modified_time":"2021-09-16T12:30:58+00:00","og_image":[{"url":"http:\/\/drone-tt.fr\/wp-content\/uploads\/2021\/09\/michael_troly-1024x683.jpg","type":"","width":"","height":""}],"twitter_card":"summary_large_image","schema":{"@context":"https:\/\/schema.org","@graph":[{"@type":"WebPage","@id":"https:\/\/drone-tt.fr\/index.php\/a-propos-de\/","url":"https:\/\/drone-tt.fr\/index.php\/a-propos-de\/","name":"\u00c0 propos de - Drone-TT R\u00e9alisation et production vid\u00e9os","isPartOf":{"@id":"https:\/\/drone-tt.fr\/#website"},"primaryImageOfPage":{"@id":"https:\/\/drone-tt.fr\/index.php\/a-propos-de\/#primaryimage"},"image":{"@id":"https:\/\/drone-tt.fr\/index.php\/a-propos-de\/#primaryimage"},"thumbnailUrl":"http:\/\/drone-tt.fr\/wp-content\/uploads\/2021\/09\/michael_troly-1024x683.jpg","datePublished":"2021-09-02T19:52:30+00:00","dateModified":"2021-09-16T12:30:58+00:00","breadcrumb":{"@id":"https:\/\/drone-tt.fr\/index.php\/a-propos-de\/#breadcrumb"},"inLanguage":"fr-FR","potentialAction":[{"@type":"ReadAction","target":["https:\/\/drone-tt.fr\/index.php\/a-propos-de\/"]}]},{"@type":"ImageObject","inLanguage":"fr-FR","@id":"https:\/\/drone-tt.fr\/index.php\/a-propos-de\/#primaryimage","url":"http:\/\/drone-tt.fr\/wp-content\/uploads\/2021\/09\/michael_troly-1024x683.jpg","contentUrl":"http:\/\/drone-tt.fr\/wp-content\/uploads\/2021\/09\/michael_troly-1024x683.jpg"},{"@type":"BreadcrumbList","@id":"https:\/\/drone-tt.fr\/index.php\/a-propos-de\/#breadcrumb","itemListElement":[{"@type":"ListItem","position":1,"name":"Accueil","item":"https:\/\/drone-tt.fr\/"},{"@type":"ListItem","position":2,"name":"\u00c0 propos de"}]},{"@type":"WebSite","@id":"https:\/\/drone-tt.fr\/#website","url":"https:\/\/drone-tt.fr\/","name":"Drone-TT R\u00e9alisation et production vid\u00e9os","description":"","publisher":{"@id":"https:\/\/drone-tt.fr\/#organization"},"potentialAction":[{"@type":"SearchAction","target":{"@type":"EntryPoint","urlTemplate":"https:\/\/drone-tt.fr\/?s={search_term_string}"},"query-input":{"@type":"PropertyValueSpecification","valueRequired":true,"valueName":"search_term_string"}}],"inLanguage":"fr-FR"},{"@type":"Organization","@id":"https:\/\/drone-tt.fr\/#organization","name":"Drone-TT","url":"https:\/\/drone-tt.fr\/","logo":{"@type":"ImageObject","inLanguage":"fr-FR","@id":"https:\/\/drone-tt.fr\/#\/schema\/logo\/image\/","url":"https:\/\/drone-tt.fr\/wp-content\/uploads\/2021\/10\/cropped-Logo-7.png","contentUrl":"https:\/\/drone-tt.fr\/wp-content\/uploads\/2021\/10\/cropped-Logo-7.png","width":4000,"height":2703,"caption":"Drone-TT"},"image":{"@id":"https:\/\/drone-tt.fr\/#\/schema\/logo\/image\/"},"sameAs":["https:\/\/www.facebook.com\/Drone-TT-162997612519287\/","https:\/\/www.youtube.com\/channel\/UCR0-EX1ru1U0bz1pBuO5-4Q"]}]}},"_links":{"self":[{"href":"https:\/\/drone-tt.fr\/index.php\/wp-json\/wp\/v2\/pages\/7"}],"collection":[{"href":"https:\/\/drone-tt.fr\/index.php\/wp-json\/wp\/v2\/pages"}],"about":[{"href":"https:\/\/drone-tt.fr\/index.php\/wp-json\/wp\/v2\/types\/page"}],"author":[{"embeddable":true,"href":"https:\/\/drone-tt.fr\/index.php\/wp-json\/wp\/v2\/users\/1"}],"replies":[{"embeddable":true,"href":"https:\/\/drone-tt.fr\/index.php\/wp-json\/wp\/v2\/comments?post=7"}],"version-history":[{"count":161,"href":"https:\/\/drone-tt.fr\/index.php\/wp-json\/wp\/v2\/pages\/7\/revisions"}],"predecessor-version":[{"id":534,"href":"https:\/\/drone-tt.fr\/index.php\/wp-json\/wp\/v2\/pages\/7\/revisions\/534"}],"wp:attachment":[{"href":"https:\/\/drone-tt.fr\/index.php\/wp-json\/wp\/v2\/media?parent=7"}],"curies":[{"name":"wp","href":"https:\/\/api.w.org\/{rel}","templated":true}]}}