{"id":8,"date":"2021-09-02T21:52:30","date_gmt":"2021-09-02T19:52:30","guid":{"rendered":"http:\/\/drone-tt.fr\/?page_id=8"},"modified":"2022-05-19T21:46:14","modified_gmt":"2022-05-19T19:46:14","slug":"contact-photographie-et-video","status":"publish","type":"page","link":"https:\/\/drone-tt.fr\/index.php\/contact-photographie-et-video\/","title":{"rendered":"Contact"},"content":{"rendered":"\t\t<div data-elementor-type=\"wp-page\" data-elementor-id=\"8\" class=\"elementor elementor-8\">\n\t\t\t\t\t\t<section class=\"elementor-section elementor-top-section elementor-element elementor-element-21f29427 elementor-section-stretched elementor-section-boxed elementor-section-height-default elementor-section-height-default\" data-id=\"21f29427\" data-element_type=\"section\" data-settings=\"{&quot;background_background&quot;:&quot;classic&quot;,&quot;stretch_section&quot;:&quot;section-stretched&quot;}\">\n\t\t\t\t\t\t<div class=\"elementor-container elementor-column-gap-default\">\n\t\t\t\t\t<div class=\"elementor-column elementor-col-100 elementor-top-column elementor-element elementor-element-2bda7fa4\" data-id=\"2bda7fa4\" data-element_type=\"column\">\n\t\t\t<div class=\"elementor-widget-wrap elementor-element-populated\">\n\t\t\t\t\t\t<div class=\"elementor-element elementor-element-44558db7 elementor-widget elementor-widget-heading\" data-id=\"44558db7\" data-element_type=\"widget\" data-widget_type=\"heading.default\">\n\t\t\t\t<div class=\"elementor-widget-container\">\n\t\t\t\t\t<h2 class=\"elementor-heading-title elementor-size-large\">contact<\/h2>\t\t\t\t<\/div>\n\t\t\t\t<\/div>\n\t\t\t\t\t<\/div>\n\t\t<\/div>\n\t\t\t\t\t<\/div>\n\t\t<\/section>\n\t\t\t\t<section class=\"elementor-section elementor-top-section elementor-element elementor-element-6cdcb66c elementor-section-content-middle elementor-reverse-mobile elementor-section-boxed elementor-section-height-default elementor-section-height-default\" data-id=\"6cdcb66c\" data-element_type=\"section\" data-settings=\"{&quot;background_background&quot;:&quot;classic&quot;}\">\n\t\t\t\t\t\t<div class=\"elementor-container elementor-column-gap-no\">\n\t\t\t\t\t<div class=\"elementor-column elementor-col-100 elementor-top-column elementor-element elementor-element-38931249\" data-id=\"38931249\" data-element_type=\"column\" data-settings=\"{&quot;background_background&quot;:&quot;classic&quot;}\">\n\t\t\t<div class=\"elementor-widget-wrap elementor-element-populated\">\n\t\t\t\t\t\t<div class=\"elementor-element elementor-element-3c041268 elementor-widget elementor-widget-heading\" data-id=\"3c041268\" data-element_type=\"widget\" data-widget_type=\"heading.default\">\n\t\t\t\t<div class=\"elementor-widget-container\">\n\t\t\t\t\t<p class=\"elementor-heading-title elementor-size-large\">Pour toutes demandes de renseignements :<\/p>\t\t\t\t<\/div>\n\t\t\t\t<\/div>\n\t\t\t\t<div class=\"elementor-element elementor-element-7243b8d4 elementor-icon-list--layout-traditional elementor-list-item-link-full_width elementor-widget elementor-widget-icon-list\" data-id=\"7243b8d4\" data-element_type=\"widget\" data-widget_type=\"icon-list.default\">\n\t\t\t\t<div class=\"elementor-widget-container\">\n\t\t\t\t\t\t\t<ul class=\"elementor-icon-list-items\">\n\t\t\t\t\t\t\t<li class=\"elementor-icon-list-item\">\n\t\t\t\t\t\t\t\t\t\t\t<span class=\"elementor-icon-list-icon\">\n\t\t\t\t\t\t\t<i aria-hidden=\"true\" class=\"fas fa-phone\"><\/i>\t\t\t\t\t\t<\/span>\n\t\t\t\t\t\t\t\t\t\t<span class=\"elementor-icon-list-text\">06 19 31 98 14<\/span>\n\t\t\t\t\t\t\t\t\t<\/li>\n\t\t\t\t\t\t\t\t<li class=\"elementor-icon-list-item\">\n\t\t\t\t\t\t\t\t\t\t\t<span class=\"elementor-icon-list-icon\">\n\t\t\t\t\t\t\t<i aria-hidden=\"true\" class=\"fas fa-envelope\"><\/i>\t\t\t\t\t\t<\/span>\n\t\t\t\t\t\t\t\t\t\t<span class=\"elementor-icon-list-text\">mtroly@drone-tt.fr<\/span>\n\t\t\t\t\t\t\t\t\t<\/li>\n\t\t\t\t\t\t<\/ul>\n\t\t\t\t\t\t<\/div>\n\t\t\t\t<\/div>\n\t\t\t\t\t<\/div>\n\t\t<\/div>\n\t\t\t\t\t<\/div>\n\t\t<\/section>\n\t\t\t\t<\/div>\n\t\t","protected":false},"excerpt":{"rendered":"<p>contact Pour toutes demandes de renseignements : 06 19 31 98 14 mtroly@drone-tt.fr<\/p>\n","protected":false},"author":1,"featured_media":0,"parent":0,"menu_order":0,"comment_status":"closed","ping_status":"closed","template":"","meta":{"inspiro_hide_title":false,"footnotes":""},"yoast_head":"<!-- This site is optimized with the Yoast SEO plugin v24.5 - https:\/\/yoast.com\/wordpress\/plugins\/seo\/ -->\n<title>R\u00e9alisation vid\u00e9o Photographie immobili\u00e8re Dijon C\u00f4te d&#039;Or Bourgogne<\/title>\n<meta name=\"description\" content=\"R\u00e9alisation de vid\u00e9os institutionnelles et mariage - Drone - Photographie immobili\u00e8re -suivi de chantier \u00e0 Dijon - C\u00f4te d&#039;Or - Bourgogne\" \/>\n<meta name=\"robots\" content=\"index, follow, max-snippet:-1, max-image-preview:large, max-video-preview:-1\" \/>\n<link rel=\"canonical\" href=\"https:\/\/drone-tt.fr\/index.php\/contact-photographie-et-video\/\" \/>\n<meta property=\"og:locale\" content=\"fr_FR\" \/>\n<meta property=\"og:type\" content=\"article\" \/>\n<meta property=\"og:title\" content=\"R\u00e9alisation vid\u00e9o Photographie immobili\u00e8re Dijon C\u00f4te d&#039;Or Bourgogne\" \/>\n<meta property=\"og:description\" content=\"R\u00e9alisation de vid\u00e9os institutionnelles et mariage - Drone - Photographie immobili\u00e8re -suivi de chantier \u00e0 Dijon - C\u00f4te d&#039;Or - Bourgogne\" \/>\n<meta property=\"og:url\" content=\"https:\/\/drone-tt.fr\/index.php\/contact-photographie-et-video\/\" \/>\n<meta property=\"og:site_name\" content=\"Drone-TT R\u00e9alisation et production vid\u00e9os\" \/>\n<meta property=\"article:publisher\" content=\"https:\/\/www.facebook.com\/Drone-TT-162997612519287\/\" \/>\n<meta property=\"article:modified_time\" content=\"2022-05-19T19:46:14+00:00\" \/>\n<meta name=\"twitter:card\" content=\"summary_large_image\" \/>\n<meta name=\"twitter:label1\" content=\"Dur\u00e9e de lecture estim\u00e9e\" \/>\n\t<meta name=\"twitter:data1\" content=\"1 minute\" \/>\n<script type=\"application\/ld+json\" class=\"yoast-schema-graph\">{\"@context\":\"https:\/\/schema.org\",\"@graph\":[{\"@type\":\"WebPage\",\"@id\":\"https:\/\/drone-tt.fr\/index.php\/contact-photographie-et-video\/\",\"url\":\"https:\/\/drone-tt.fr\/index.php\/contact-photographie-et-video\/\",\"name\":\"R\u00e9alisation vid\u00e9o Photographie immobili\u00e8re Dijon C\u00f4te d'Or Bourgogne\",\"isPartOf\":{\"@id\":\"https:\/\/drone-tt.fr\/#website\"},\"datePublished\":\"2021-09-02T19:52:30+00:00\",\"dateModified\":\"2022-05-19T19:46:14+00:00\",\"description\":\"R\u00e9alisation de vid\u00e9os institutionnelles et mariage - Drone - Photographie immobili\u00e8re -suivi de chantier \u00e0 Dijon - C\u00f4te d'Or - Bourgogne\",\"breadcrumb\":{\"@id\":\"https:\/\/drone-tt.fr\/index.php\/contact-photographie-et-video\/#breadcrumb\"},\"inLanguage\":\"fr-FR\",\"potentialAction\":[{\"@type\":\"ReadAction\",\"target\":[\"https:\/\/drone-tt.fr\/index.php\/contact-photographie-et-video\/\"]}]},{\"@type\":\"BreadcrumbList\",\"@id\":\"https:\/\/drone-tt.fr\/index.php\/contact-photographie-et-video\/#breadcrumb\",\"itemListElement\":[{\"@type\":\"ListItem\",\"position\":1,\"name\":\"Accueil\",\"item\":\"https:\/\/drone-tt.fr\/\"},{\"@type\":\"ListItem\",\"position\":2,\"name\":\"Contact\"}]},{\"@type\":\"WebSite\",\"@id\":\"https:\/\/drone-tt.fr\/#website\",\"url\":\"https:\/\/drone-tt.fr\/\",\"name\":\"Drone-TT R\u00e9alisation et production vid\u00e9os\",\"description\":\"\",\"publisher\":{\"@id\":\"https:\/\/drone-tt.fr\/#organization\"},\"potentialAction\":[{\"@type\":\"SearchAction\",\"target\":{\"@type\":\"EntryPoint\",\"urlTemplate\":\"https:\/\/drone-tt.fr\/?s={search_term_string}\"},\"query-input\":{\"@type\":\"PropertyValueSpecification\",\"valueRequired\":true,\"valueName\":\"search_term_string\"}}],\"inLanguage\":\"fr-FR\"},{\"@type\":\"Organization\",\"@id\":\"https:\/\/drone-tt.fr\/#organization\",\"name\":\"Drone-TT\",\"url\":\"https:\/\/drone-tt.fr\/\",\"logo\":{\"@type\":\"ImageObject\",\"inLanguage\":\"fr-FR\",\"@id\":\"https:\/\/drone-tt.fr\/#\/schema\/logo\/image\/\",\"url\":\"https:\/\/drone-tt.fr\/wp-content\/uploads\/2021\/10\/cropped-Logo-7.png\",\"contentUrl\":\"https:\/\/drone-tt.fr\/wp-content\/uploads\/2021\/10\/cropped-Logo-7.png\",\"width\":4000,\"height\":2703,\"caption\":\"Drone-TT\"},\"image\":{\"@id\":\"https:\/\/drone-tt.fr\/#\/schema\/logo\/image\/\"},\"sameAs\":[\"https:\/\/www.facebook.com\/Drone-TT-162997612519287\/\",\"https:\/\/www.youtube.com\/channel\/UCR0-EX1ru1U0bz1pBuO5-4Q\"]}]}<\/script>\n<!-- \/ Yoast SEO plugin. -->","yoast_head_json":{"title":"R\u00e9alisation vid\u00e9o Photographie immobili\u00e8re Dijon C\u00f4te d'Or Bourgogne","description":"R\u00e9alisation de vid\u00e9os institutionnelles et mariage - Drone - Photographie immobili\u00e8re -suivi de chantier \u00e0 Dijon - C\u00f4te d'Or - Bourgogne","robots":{"index":"index","follow":"follow","max-snippet":"max-snippet:-1","max-image-preview":"max-image-preview:large","max-video-preview":"max-video-preview:-1"},"canonical":"https:\/\/drone-tt.fr\/index.php\/contact-photographie-et-video\/","og_locale":"fr_FR","og_type":"article","og_title":"R\u00e9alisation vid\u00e9o Photographie immobili\u00e8re Dijon C\u00f4te d'Or Bourgogne","og_description":"R\u00e9alisation de vid\u00e9os institutionnelles et mariage - Drone - Photographie immobili\u00e8re -suivi de chantier \u00e0 Dijon - C\u00f4te d'Or - Bourgogne","og_url":"https:\/\/drone-tt.fr\/index.php\/contact-photographie-et-video\/","og_site_name":"Drone-TT R\u00e9alisation et production vid\u00e9os","article_publisher":"https:\/\/www.facebook.com\/Drone-TT-162997612519287\/","article_modified_time":"2022-05-19T19:46:14+00:00","twitter_card":"summary_large_image","twitter_misc":{"Dur\u00e9e de lecture estim\u00e9e":"1 minute"},"schema":{"@context":"https:\/\/schema.org","@graph":[{"@type":"WebPage","@id":"https:\/\/drone-tt.fr\/index.php\/contact-photographie-et-video\/","url":"https:\/\/drone-tt.fr\/index.php\/contact-photographie-et-video\/","name":"R\u00e9alisation vid\u00e9o Photographie immobili\u00e8re Dijon C\u00f4te d'Or Bourgogne","isPartOf":{"@id":"https:\/\/drone-tt.fr\/#website"},"datePublished":"2021-09-02T19:52:30+00:00","dateModified":"2022-05-19T19:46:14+00:00","description":"R\u00e9alisation de vid\u00e9os institutionnelles et mariage - Drone - Photographie immobili\u00e8re -suivi de chantier \u00e0 Dijon - C\u00f4te d'Or - Bourgogne","breadcrumb":{"@id":"https:\/\/drone-tt.fr\/index.php\/contact-photographie-et-video\/#breadcrumb"},"inLanguage":"fr-FR","potentialAction":[{"@type":"ReadAction","target":["https:\/\/drone-tt.fr\/index.php\/contact-photographie-et-video\/"]}]},{"@type":"BreadcrumbList","@id":"https:\/\/drone-tt.fr\/index.php\/contact-photographie-et-video\/#breadcrumb","itemListElement":[{"@type":"ListItem","position":1,"name":"Accueil","item":"https:\/\/drone-tt.fr\/"},{"@type":"ListItem","position":2,"name":"Contact"}]},{"@type":"WebSite","@id":"https:\/\/drone-tt.fr\/#website","url":"https:\/\/drone-tt.fr\/","name":"Drone-TT R\u00e9alisation et production vid\u00e9os","description":"","publisher":{"@id":"https:\/\/drone-tt.fr\/#organization"},"potentialAction":[{"@type":"SearchAction","target":{"@type":"EntryPoint","urlTemplate":"https:\/\/drone-tt.fr\/?s={search_term_string}"},"query-input":{"@type":"PropertyValueSpecification","valueRequired":true,"valueName":"search_term_string"}}],"inLanguage":"fr-FR"},{"@type":"Organization","@id":"https:\/\/drone-tt.fr\/#organization","name":"Drone-TT","url":"https:\/\/drone-tt.fr\/","logo":{"@type":"ImageObject","inLanguage":"fr-FR","@id":"https:\/\/drone-tt.fr\/#\/schema\/logo\/image\/","url":"https:\/\/drone-tt.fr\/wp-content\/uploads\/2021\/10\/cropped-Logo-7.png","contentUrl":"https:\/\/drone-tt.fr\/wp-content\/uploads\/2021\/10\/cropped-Logo-7.png","width":4000,"height":2703,"caption":"Drone-TT"},"image":{"@id":"https:\/\/drone-tt.fr\/#\/schema\/logo\/image\/"},"sameAs":["https:\/\/www.facebook.com\/Drone-TT-162997612519287\/","https:\/\/www.youtube.com\/channel\/UCR0-EX1ru1U0bz1pBuO5-4Q"]}]}},"_links":{"self":[{"href":"https:\/\/drone-tt.fr\/index.php\/wp-json\/wp\/v2\/pages\/8"}],"collection":[{"href":"https:\/\/drone-tt.fr\/index.php\/wp-json\/wp\/v2\/pages"}],"about":[{"href":"https:\/\/drone-tt.fr\/index.php\/wp-json\/wp\/v2\/types\/page"}],"author":[{"embeddable":true,"href":"https:\/\/drone-tt.fr\/index.php\/wp-json\/wp\/v2\/users\/1"}],"replies":[{"embeddable":true,"href":"https:\/\/drone-tt.fr\/index.php\/wp-json\/wp\/v2\/comments?post=8"}],"version-history":[{"count":47,"href":"https:\/\/drone-tt.fr\/index.php\/wp-json\/wp\/v2\/pages\/8\/revisions"}],"predecessor-version":[{"id":857,"href":"https:\/\/drone-tt.fr\/index.php\/wp-json\/wp\/v2\/pages\/8\/revisions\/857"}],"wp:attachment":[{"href":"https:\/\/drone-tt.fr\/index.php\/wp-json\/wp\/v2\/media?parent=8"}],"curies":[{"name":"wp","href":"https:\/\/api.w.org\/{rel}","templated":true}]}}